{"id":7861,"date":"2026-04-10T16:09:02","date_gmt":"2026-04-10T14:09:02","guid":{"rendered":"https:\/\/www.metaltronica.com\/?page_id=7861"},"modified":"2026-04-10T18:54:58","modified_gmt":"2026-04-10T16:54:58","slug":"parita-di-genere","status":"publish","type":"page","link":"https:\/\/www.metaltronica.com\/en\/parita-di-genere\/","title":{"rendered":"Parit\u00e0 di Genere"},"content":{"rendered":"<p class=\"p2\">La METALTRONICA SPA si impegna nel sostegno dei valori della diversit\u00e0, dell\u2019inclusione e della parit\u00e0 di genere attraverso l\u2019adozione di meccanismi societari, organizzativi e gestionali improntati al rispetto dei diritti e della libert\u00e0 e dignit\u00e0 delle persone.<\/p>\n<p class=\"p2\">A tal fine, la METALTRONICA SPA si \u00e8 dotata di un sistema di gestione secondo la prassi di riferimento UNI\/PdR 125 operando attraverso un approccio basato sull\u2019imparzialit\u00e0 e non ammette alcuna forma di discriminazione diretta o indiretta, multipla e interconnessa in relazione al genere, all\u2019et\u00e0, all\u2019orientamento e all\u2019identit\u00e0 sessuale, alla disabilit\u00e0, allo stato di salute, all\u2019origine etnica, alla nazionalit\u00e0, alle opinioni politiche, alla categoria sociale di appartenenza e alla fede religiosa.<\/p>\n<p class=\"p2\">Promuove inoltre le condizioni che consentono di rimuovere gli ostacoli culturali, organizzativi e materiali che limitano l\u2019espressione piena delle persone e la loro completa valorizzazione all\u2019interno dell\u2019Organizzazione.<\/p>\n<p class=\"p2\">Questo documento offre le linee guida da implementare per la creazione di un ambiente di lavoro con pari opportunit\u00e0 di genere nell\u2019intero ciclo di selezione, gestione, sviluppo e carriera delle persone. In particolare, la METALTRONICA SPA si impegna:<\/p>\n<p class=\"p2\">1.ad attrarre e assumere persone con diversi background e abilit\u00e0, perseguendo la parit\u00e0 di genere in fase di selezione e assunzione attraverso l\u2019individuazione di una rosa di candidati tendenzialmente paritetica uomo-donna. Allo stesso tempo si impegna a sottolineare l\u2019importanza della meritocrazia: esperienze, capacit\u00e0 e competenze guidano nella scelta dei migliori candidati. Il processo di selezione \u00e8 rafforzato grazie all&#8217;adozione di una metodologia standardizzata per garantire pari opportunit\u00e0 in ogni sua fase.<\/p>\n<p class=\"p2\">2. a migliorare il work-life balance dei dipendenti in tutte le fasi della vita personale e professionale tra cui il supporto durante e dopo periodi di lunga assenza dal lavoro, incentivando la fruizione del congedo parentale, attraverso procedure di coaching per il back to work, part-time reversibile, smart working ove possibile, su base volontaria, durante il congedo di maternit\u00e0 etc.;<\/p>\n<p class=\"p2\">3. ad offrire pari opportunit\u00e0 di formazione e sviluppo senza alcuna discriminazione di genere, definendo standard trasparenti e coerenti con i processi di Performance Management e di Talent Development, inclusi percorsi sulla leadership, tramite un processo di mobilit\u00e0 interna e di successione a posizioni manageriali coerenti con i principi di un&#8217;organizzazione inclusiva e rispettosa della parit\u00e0 di genere;<\/p>\n<p class=\"p2\">4.ad assicurare processi di reinserimento nel contesto lavorativo adeguati al periodo di assenza integrando e valorizzando anche le potenziali competenze acquisite dalla risorsa durante il periodo di lontananza dal posto di lavoro;<\/p>\n<p class=\"p2\">5. a creare un ambiente di lavoro inclusivo, collaborativo, solidale, trasparente e aperto all\u2019ascolto di tutto il personale, a prescindere dalle diversit\u00e0 di genere;<\/p>\n<p class=\"p2\">6. a garantire equit\u00e0 retributiva di genere, agevolando la partecipazione e la permanenza delle donne nel contesto lavorativo, valorizzandone le competenze e assicurando l\u2019equa remunerazione di lavori e occupazioni con equivalente valore socioeconomico. Gli interventi retributivi periodici, i processi e i sistemi di incentivazione di breve e lungo termine sono ancorati a principi di riconoscimento delle responsabilit\u00e0 attribuite, dei risultati conseguiti e della qualit\u00e0 dell\u2019apporto professionale garantito;<\/p>\n<p class=\"p2\">7. a comunicare in modo trasparente, internamente ed esternamente, comprese attivit\u00e0 di marketing e pubblicit\u00e0, la volont\u00e0 di perseguire la parit\u00e0 di genere, valorizzare le diversit\u00e0 e supportare l\u2019incremento occupazionale del genere femminile;<\/p>\n<p class=\"p2\">8. ad avere tolleranza zero verso le molestie e tutte le forme di discriminazione legate a sesso, identit\u00e0 di genere, et\u00e0, origine, religione, orientamento di genere, aspetto fisico, salute, disabilit\u00e0, attivit\u00e0 sindacale, opinioni politiche, nazionalit\u00e0, situazione familiare;<\/p>\n<p class=\"p2\">Gli obiettivi sopra citati sono specificati in termini di Indicatori di Prestazione (KPI) e nel Piano Strategico, il loro raggiungimento \u00e8 possibile soltanto attraverso l\u2019impegno di tutto il personale. Pertanto, a ciascun responsabile di funzione e a tutti i dipendenti dell\u2019azienda \u00e8 richiesto di operare in modo da rispettare quanto indicato dal Sistema di Gestione nonch\u00e9 di applicare quotidianamente i principi contenuti nella presente Politica. L\u2019Azienda predispone e diffonde agli stakeholder un Piano di Comunicazione relativo al proprio impegno sui temi della parit\u00e0 di genere e della diversit\u00e0 e inclusione, garantendo una comunicazione coerente con i principi espressi nel presente documento e in linea con gli obiettivi stabiliti e attuati attraverso il Piano Strategico.<\/p>\n<p class=\"p2\">La Politica per la Parit\u00e0 di Genere sar\u00e0 revisionata periodicamente durante le attivit\u00e0 di riesame del Sistema, per garantire che dipendenti e collaboratori ne comprendano appieno i contenuti impegnandosi ad attuarli, e gli stakeholder siano sempre informati dell\u2019evoluzione del contesto di riferimento della societ\u00e0.<\/p>\n<p class=\"p2\">L\u2019Alta Direzione ha definito, di concerto con il Comitato Guida per la Parit\u00e0 di Genere, tutte le risorse necessarie per l\u2019attuazione del Piano Strategico, compreso un budget che servir\u00e0 per sostenere le iniziative concrete che verranno messe in atto.<\/p>\n<p class=\"p2\">L\u2019Alta Direzione impegna tutto il personale al rispetto della presente Politica e dei valori in essa contenuti, e ne delega l\u2019attuazione, la comunicazione e la diffusione allo stesso Comitato Guida per la Parit\u00e0 di Genere.<\/p>\n<p class=\"p2\">Roma 10\/11\/2025<\/p>\n","protected":false},"excerpt":{"rendered":"<p>La METALTRONICA SPA si impegna nel sostegno dei valori della diversit\u00e0, dell\u2019inclusione e della parit\u00e0 di genere attraverso l\u2019adozione di meccanismi societari, organizzativi e gestionali improntati al rispetto [&hellip;]<\/p>\n","protected":false},"author":1,"featured_media":7863,"parent":0,"menu_order":0,"comment_status":"closed","ping_status":"closed","template":"template-single-page.php","meta":{"_acf_changed":false,"footnotes":""},"class_list":["post-7861","page","type-page","status-publish","has-post-thumbnail","hentry"],"acf":[],"yoast_head":"<!-- This site is optimized with the Yoast SEO plugin v26.9 - https:\/\/yoast.com\/product\/yoast-seo-wordpress\/ -->\n<title>Parit\u00e0 di Genere - Metaltronica Spa<\/title>\n<meta name=\"robots\" content=\"index, follow, max-snippet:-1, max-image-preview:large, max-video-preview:-1\" \/>\n<link rel=\"canonical\" href=\"https:\/\/www.metaltronica.com\/en\/parita-di-genere\/\" \/>\n<meta property=\"og:locale\" content=\"en_US\" \/>\n<meta property=\"og:type\" content=\"article\" \/>\n<meta property=\"og:title\" content=\"Parit\u00e0 di Genere - Metaltronica Spa\" \/>\n<meta property=\"og:description\" content=\"La METALTRONICA SPA si impegna nel sostegno dei valori della diversit\u00e0, dell\u2019inclusione e della parit\u00e0 di genere attraverso l\u2019adozione di meccanismi societari, organizzativi e gestionali improntati al rispetto [&hellip;]\" \/>\n<meta property=\"og:url\" content=\"https:\/\/www.metaltronica.com\/en\/parita-di-genere\/\" \/>\n<meta property=\"og:site_name\" content=\"Metaltronica Spa\" \/>\n<meta property=\"article:modified_time\" content=\"2026-04-10T16:54:58+00:00\" \/>\n<meta property=\"og:image\" content=\"https:\/\/www.metaltronica.com\/wp-content\/uploads\/2026\/04\/3828825.jpg\" \/>\n\t<meta property=\"og:image:width\" content=\"2000\" \/>\n\t<meta property=\"og:image:height\" content=\"1098\" \/>\n\t<meta property=\"og:image:type\" content=\"image\/jpeg\" \/>\n<meta name=\"twitter:card\" content=\"summary_large_image\" \/>\n<meta name=\"twitter:label1\" content=\"Est. reading time\" \/>\n\t<meta name=\"twitter:data1\" content=\"4 minutes\" \/>\n<script type=\"application\/ld+json\" class=\"yoast-schema-graph\">{\"@context\":\"https:\/\/schema.org\",\"@graph\":[{\"@type\":\"WebPage\",\"@id\":\"https:\/\/www.metaltronica.com\/en\/parita-di-genere\/\",\"url\":\"https:\/\/www.metaltronica.com\/en\/parita-di-genere\/\",\"name\":\"Parit\u00e0 di Genere - Metaltronica Spa\",\"isPartOf\":{\"@id\":\"https:\/\/www.metaltronica.com\/en\/#website\"},\"primaryImageOfPage\":{\"@id\":\"https:\/\/www.metaltronica.com\/en\/parita-di-genere\/#primaryimage\"},\"image\":{\"@id\":\"https:\/\/www.metaltronica.com\/en\/parita-di-genere\/#primaryimage\"},\"thumbnailUrl\":\"https:\/\/www.metaltronica.com\/wp-content\/uploads\/2026\/04\/3828825.jpg\",\"datePublished\":\"2026-04-10T14:09:02+00:00\",\"dateModified\":\"2026-04-10T16:54:58+00:00\",\"breadcrumb\":{\"@id\":\"https:\/\/www.metaltronica.com\/en\/parita-di-genere\/#breadcrumb\"},\"inLanguage\":\"en-US\",\"potentialAction\":[{\"@type\":\"ReadAction\",\"target\":[\"https:\/\/www.metaltronica.com\/en\/parita-di-genere\/\"]}]},{\"@type\":\"ImageObject\",\"inLanguage\":\"en-US\",\"@id\":\"https:\/\/www.metaltronica.com\/en\/parita-di-genere\/#primaryimage\",\"url\":\"https:\/\/www.metaltronica.com\/wp-content\/uploads\/2026\/04\/3828825.jpg\",\"contentUrl\":\"https:\/\/www.metaltronica.com\/wp-content\/uploads\/2026\/04\/3828825.jpg\",\"width\":2000,\"height\":1098},{\"@type\":\"BreadcrumbList\",\"@id\":\"https:\/\/www.metaltronica.com\/en\/parita-di-genere\/#breadcrumb\",\"itemListElement\":[{\"@type\":\"ListItem\",\"position\":1,\"name\":\"Home\",\"item\":\"https:\/\/www.metaltronica.com\/en\/\"},{\"@type\":\"ListItem\",\"position\":2,\"name\":\"Parit\u00e0 di Genere\"}]},{\"@type\":\"WebSite\",\"@id\":\"https:\/\/www.metaltronica.com\/en\/#website\",\"url\":\"https:\/\/www.metaltronica.com\/en\/\",\"name\":\"Metaltronica\",\"description\":\"Metaltronica Spa\",\"potentialAction\":[{\"@type\":\"SearchAction\",\"target\":{\"@type\":\"EntryPoint\",\"urlTemplate\":\"https:\/\/www.metaltronica.com\/en\/?s={search_term_string}\"},\"query-input\":{\"@type\":\"PropertyValueSpecification\",\"valueRequired\":true,\"valueName\":\"search_term_string\"}}],\"inLanguage\":\"en-US\"}]}<\/script>\n<!-- \/ Yoast SEO plugin. -->","yoast_head_json":{"title":"Parit\u00e0 di Genere - Metaltronica Spa","robots":{"index":"index","follow":"follow","max-snippet":"max-snippet:-1","max-image-preview":"max-image-preview:large","max-video-preview":"max-video-preview:-1"},"canonical":"https:\/\/www.metaltronica.com\/en\/parita-di-genere\/","og_locale":"en_US","og_type":"article","og_title":"Parit\u00e0 di Genere - Metaltronica Spa","og_description":"La METALTRONICA SPA si impegna nel sostegno dei valori della diversit\u00e0, dell\u2019inclusione e della parit\u00e0 di genere attraverso l\u2019adozione di meccanismi societari, organizzativi e gestionali improntati al rispetto [&hellip;]","og_url":"https:\/\/www.metaltronica.com\/en\/parita-di-genere\/","og_site_name":"Metaltronica Spa","article_modified_time":"2026-04-10T16:54:58+00:00","og_image":[{"width":2000,"height":1098,"url":"https:\/\/www.metaltronica.com\/wp-content\/uploads\/2026\/04\/3828825.jpg","type":"image\/jpeg"}],"twitter_card":"summary_large_image","twitter_misc":{"Est. reading time":"4 minutes"},"schema":{"@context":"https:\/\/schema.org","@graph":[{"@type":"WebPage","@id":"https:\/\/www.metaltronica.com\/en\/parita-di-genere\/","url":"https:\/\/www.metaltronica.com\/en\/parita-di-genere\/","name":"Parit\u00e0 di Genere - Metaltronica Spa","isPartOf":{"@id":"https:\/\/www.metaltronica.com\/en\/#website"},"primaryImageOfPage":{"@id":"https:\/\/www.metaltronica.com\/en\/parita-di-genere\/#primaryimage"},"image":{"@id":"https:\/\/www.metaltronica.com\/en\/parita-di-genere\/#primaryimage"},"thumbnailUrl":"https:\/\/www.metaltronica.com\/wp-content\/uploads\/2026\/04\/3828825.jpg","datePublished":"2026-04-10T14:09:02+00:00","dateModified":"2026-04-10T16:54:58+00:00","breadcrumb":{"@id":"https:\/\/www.metaltronica.com\/en\/parita-di-genere\/#breadcrumb"},"inLanguage":"en-US","potentialAction":[{"@type":"ReadAction","target":["https:\/\/www.metaltronica.com\/en\/parita-di-genere\/"]}]},{"@type":"ImageObject","inLanguage":"en-US","@id":"https:\/\/www.metaltronica.com\/en\/parita-di-genere\/#primaryimage","url":"https:\/\/www.metaltronica.com\/wp-content\/uploads\/2026\/04\/3828825.jpg","contentUrl":"https:\/\/www.metaltronica.com\/wp-content\/uploads\/2026\/04\/3828825.jpg","width":2000,"height":1098},{"@type":"BreadcrumbList","@id":"https:\/\/www.metaltronica.com\/en\/parita-di-genere\/#breadcrumb","itemListElement":[{"@type":"ListItem","position":1,"name":"Home","item":"https:\/\/www.metaltronica.com\/en\/"},{"@type":"ListItem","position":2,"name":"Parit\u00e0 di Genere"}]},{"@type":"WebSite","@id":"https:\/\/www.metaltronica.com\/en\/#website","url":"https:\/\/www.metaltronica.com\/en\/","name":"Metaltronica","description":"Metaltronica Spa","potentialAction":[{"@type":"SearchAction","target":{"@type":"EntryPoint","urlTemplate":"https:\/\/www.metaltronica.com\/en\/?s={search_term_string}"},"query-input":{"@type":"PropertyValueSpecification","valueRequired":true,"valueName":"search_term_string"}}],"inLanguage":"en-US"}]}},"_links":{"self":[{"href":"https:\/\/www.metaltronica.com\/en\/wp-json\/wp\/v2\/pages\/7861","targetHints":{"allow":["GET"]}}],"collection":[{"href":"https:\/\/www.metaltronica.com\/en\/wp-json\/wp\/v2\/pages"}],"about":[{"href":"https:\/\/www.metaltronica.com\/en\/wp-json\/wp\/v2\/types\/page"}],"author":[{"embeddable":true,"href":"https:\/\/www.metaltronica.com\/en\/wp-json\/wp\/v2\/users\/1"}],"replies":[{"embeddable":true,"href":"https:\/\/www.metaltronica.com\/en\/wp-json\/wp\/v2\/comments?post=7861"}],"version-history":[{"count":3,"href":"https:\/\/www.metaltronica.com\/en\/wp-json\/wp\/v2\/pages\/7861\/revisions"}],"predecessor-version":[{"id":7877,"href":"https:\/\/www.metaltronica.com\/en\/wp-json\/wp\/v2\/pages\/7861\/revisions\/7877"}],"wp:featuredmedia":[{"embeddable":true,"href":"https:\/\/www.metaltronica.com\/en\/wp-json\/wp\/v2\/media\/7863"}],"wp:attachment":[{"href":"https:\/\/www.metaltronica.com\/en\/wp-json\/wp\/v2\/media?parent=7861"}],"curies":[{"name":"wp","href":"https:\/\/api.w.org\/{rel}","templated":true}]}}